{"id":25,"date":"2025-12-30T22:40:41","date_gmt":"2025-12-30T22:40:41","guid":{"rendered":"https:\/\/elancourtcitoyen.fr\/?page_id=25"},"modified":"2026-01-05T21:46:03","modified_gmt":"2026-01-05T21:46:03","slug":"nos-reseaux-sociaux","status":"publish","type":"page","link":"https:\/\/elancourtcitoyen.fr\/index.php\/nos-reseaux-sociaux\/","title":{"rendered":"Nos r\u00e9seaux sociaux"},"content":{"rendered":"\n<p>Vous voulez nous rejoindre sur les r\u00e9seaux ?<\/p>\n\n\n\n<div class=\"wp-block-media-text is-stacked-on-mobile\" style=\"grid-template-columns:15% auto\"><figure class=\"wp-block-media-text__media\"><a href=\"http:\/\/www.facebook.com\/ElancourtCitoyen\" target=\"_blank\" rel=\" noreferrer noopener\"><img loading=\"lazy\" decoding=\"async\" width=\"48\" height=\"48\" src=\"https:\/\/elancourtcitoyen.fr\/wp-content\/uploads\/2025\/12\/icons8-facebook-48.png\" alt=\"\" class=\"wp-image-32 size-full\"\/><\/a><\/figure><div class=\"wp-block-media-text__content\">\n<p><a href=\"https:\/\/www.facebook.com\/ElancourtCitoyen\" target=\"_blank\" rel=\"noreferrer noopener\">Facebook<\/a><\/p>\n<\/div><\/div>\n\n\n\n<div class=\"wp-block-media-text is-stacked-on-mobile\" style=\"grid-template-columns:15% auto\"><figure class=\"wp-block-media-text__media\"><a href=\"https:\/\/www.instagram.com\/elancitoyenelancourt2026\/\" target=\"_blank\" rel=\" noreferrer noopener\"><img loading=\"lazy\" decoding=\"async\" width=\"48\" height=\"48\" src=\"https:\/\/elancourtcitoyen.fr\/wp-content\/uploads\/2025\/12\/icons8-instagram-48.png\" alt=\"\" class=\"wp-image-33 size-full\"\/><\/a><\/figure><div class=\"wp-block-media-text__content\">\n<p><a href=\"https:\/\/www.instagram.com\/elancitoyenelancourt2026\/\" target=\"_blank\" rel=\"noreferrer noopener\">Instagram<\/a><\/p>\n<\/div><\/div>\n\n\n\n<div class=\"wp-block-media-text is-stacked-on-mobile\" style=\"grid-template-columns:15% auto\"><figure class=\"wp-block-media-text__media\"><a href=\"https:\/\/www.tiktok.com\/@elancitoyen2026\" target=\"_blank\" rel=\" noreferrer noopener\"><img loading=\"lazy\" decoding=\"async\" width=\"48\" height=\"48\" src=\"https:\/\/elancourtcitoyen.fr\/wp-content\/uploads\/2025\/12\/icons8-tiktok-48.png\" alt=\"\" class=\"wp-image-34 size-full\"\/><\/a><\/figure><div class=\"wp-block-media-text__content\">\n<p><a href=\"https:\/\/www.tiktok.com\/@elancitoyen2026\" target=\"_blank\" rel=\"noreferrer noopener\">Tiktok<\/a><\/p>\n<\/div><\/div>\n\n\n\n<div class=\"wp-block-media-text is-stacked-on-mobile\" style=\"grid-template-columns:15% auto\"><figure class=\"wp-block-media-text__media\"><a href=\"https:\/\/t.me\/elancourtcitoyen\" target=\"_blank\" rel=\" noreferrer noopener\"><img loading=\"lazy\" decoding=\"async\" width=\"48\" height=\"48\" src=\"https:\/\/elancourtcitoyen.fr\/wp-content\/uploads\/2025\/12\/icons8-telegram-app-48.png\" alt=\"\" class=\"wp-image-28 size-full\"\/><\/a><\/figure><div class=\"wp-block-media-text__content\">\n<p><a href=\"https:\/\/t.me\/elancourtcitoyen\" target=\"_blank\" rel=\"noreferrer noopener\">Telegram (Canal public)<\/a><\/p>\n<\/div><\/div>\n\n\n\n<div class=\"wp-block-media-text is-stacked-on-mobile\" style=\"grid-template-columns:15% auto\"><figure class=\"wp-block-media-text__media\"><a href=\"https:\/\/signal.group\/#CjQKIKy1Q46161UmaIxDXAPiCX9FKFpaPgmhH739ONBSSjScEhBC9bEwifS65PElQ47pgIw3\" target=\"_blank\" rel=\" noreferrer noopener\"><img loading=\"lazy\" decoding=\"async\" width=\"48\" height=\"48\" src=\"https:\/\/elancourtcitoyen.fr\/wp-content\/uploads\/2025\/12\/icons8-application-signal-48.png\" alt=\"\" class=\"wp-image-30 size-full\"\/><\/a><\/figure><div class=\"wp-block-media-text__content\">\n<p><a href=\"https:\/\/signal.group\/#CjQKIKy1Q46161UmaIxDXAPiCX9FKFpaPgmhH739ONBSSjScEhBC9bEwifS65PElQ47pgIw3\" target=\"_blank\" rel=\"noreferrer noopener\">Signal (groupe priv\u00e9)<\/a><\/p>\n<\/div><\/div>\n\n\n\n<div class=\"wp-block-media-text is-stacked-on-mobile\" style=\"grid-template-columns:15% auto\"><figure class=\"wp-block-media-text__media\"><a href=\"https:\/\/chat.whatsapp.com\/IuxC3jyEywtEOzgd9F06Z4\" target=\"_blank\" rel=\" noreferrer noopener\"><img loading=\"lazy\" decoding=\"async\" width=\"48\" height=\"48\" src=\"https:\/\/elancourtcitoyen.fr\/wp-content\/uploads\/2025\/12\/icons8-whatsapp-48.png\" alt=\"\" class=\"wp-image-31 size-full\"\/><\/a><\/figure><div class=\"wp-block-media-text__content\">\n<p><a href=\"https:\/\/chat.whatsapp.com\/IuxC3jyEywtEOzgd9F06Z4\" target=\"_blank\" rel=\"noreferrer noopener\">WhatsApp Communaut\u00e9 (groupe priv\u00e9) <\/a><\/p>\n<\/div><\/div>\n\n\n\n<div class=\"wp-block-media-text is-stacked-on-mobile\" style=\"grid-template-columns:15% auto\"><figure class=\"wp-block-media-text__media\"><a href=\"mailto:elancourtcitoyen2026@gmail.com\"><img loading=\"lazy\" decoding=\"async\" width=\"48\" height=\"48\" src=\"https:\/\/elancourtcitoyen.fr\/wp-content\/uploads\/2025\/12\/icons8-email-48.png\" alt=\"\" class=\"wp-image-35 size-full\"\/><\/a><\/figure><div class=\"wp-block-media-text__content\">\n<p>Mail: <a href=\"mailto:elancourtcitoyen2026@gmail.com\" target=\"_blank\" rel=\"noreferrer noopener\">elancourtcitoyen2026@gmail.com<\/a><\/p>\n<\/div><\/div>\n","protected":false},"excerpt":{"rendered":"<p>Vous voulez nous rejoindre sur les r\u00e9seaux ? Facebook Instagram Tiktok Telegram (Canal public) Signal (groupe priv\u00e9) WhatsApp Communaut\u00e9 (groupe priv\u00e9) Mail: elancourtcitoyen2026@gmail.com<\/p>\n","protected":false},"author":1,"featured_media":0,"parent":0,"menu_order":0,"comment_status":"closed","ping_status":"closed","template":"","meta":{"footnotes":""},"class_list":["post-25","page","type-page","status-publish","hentry"],"_links":{"self":[{"href":"https:\/\/elancourtcitoyen.fr\/index.php\/wp-json\/wp\/v2\/pages\/25","targetHints":{"allow":["GET"]}}],"collection":[{"href":"https:\/\/elancourtcitoyen.fr\/index.php\/wp-json\/wp\/v2\/pages"}],"about":[{"href":"https:\/\/elancourtcitoyen.fr\/index.php\/wp-json\/wp\/v2\/types\/page"}],"author":[{"embeddable":true,"href":"https:\/\/elancourtcitoyen.fr\/index.php\/wp-json\/wp\/v2\/users\/1"}],"replies":[{"embeddable":true,"href":"https:\/\/elancourtcitoyen.fr\/index.php\/wp-json\/wp\/v2\/comments?post=25"}],"version-history":[{"count":5,"href":"https:\/\/elancourtcitoyen.fr\/index.php\/wp-json\/wp\/v2\/pages\/25\/revisions"}],"predecessor-version":[{"id":58,"href":"https:\/\/elancourtcitoyen.fr\/index.php\/wp-json\/wp\/v2\/pages\/25\/revisions\/58"}],"wp:attachment":[{"href":"https:\/\/elancourtcitoyen.fr\/index.php\/wp-json\/wp\/v2\/media?parent=25"}],"curies":[{"name":"wp","href":"https:\/\/api.w.org\/{rel}","templated":true}]}}