{"id":2,"date":"2025-12-26T22:15:22","date_gmt":"2025-12-26T22:15:22","guid":{"rendered":"http:\/\/elancourtcitoyen.fr\/?page_id=2"},"modified":"2025-12-26T22:31:29","modified_gmt":"2025-12-26T22:31:29","slug":"sample-page","status":"publish","type":"page","link":"https:\/\/elancourtcitoyen.fr\/index.php\/sample-page\/","title":{"rendered":"Qui sommes nous ?"},"content":{"rendered":"\n<p>\u00c9laborer un programme social et \u00e9cologique ambitieux, capable de r\u00e9pondre aux d\u00e9fis actuels, et constituer une liste paritaire, repr\u00e9sentative de la population dans toute sa diversit\u00e9, figurent aujourd\u2019hui parmi les t\u00e2ches les plus essentielles et les plus urgente pour \u00c9lancourt. <\/p>\n\n\n\n<p>C\u2019est dans cette perspective que nous, <em>\u00c9lan citoyen<\/em>, sommes engag\u00e9\u00b7es dans les \u00e9lections municipales de mars 2026 et inscrivons notre r\u00e9flexion comme notre travail collectif.<\/p>\n\n\n\n<blockquote class=\"wp-block-quote is-layout-flow wp-block-quote-is-layout-flow\">\n<p>Apr\u00e8s plus de trente ans de mandats de Jean Michel Fourgous, un constat s\u2019impose : de nombreux \u00e9quipements publics ont \u00e9t\u00e9 ferm\u00e9s, abandonn\u00e9s ou profond\u00e9ment transform\u00e9s. Du Bilbo au Prisme, des cr\u00e8ches aux \u00e9coles, des maisons de quartier \u00e0 la mairie annexe de la Clef de Saint Pierre, ou encore du centre de loisirs Jean-Claude Bernard \u00e0 l\u2019espace culturel de la<br>Commanderie, la liste des structures concern\u00e9es est longue.<\/p>\n<\/blockquote>\n\n\n\n<p><\/p>\n","protected":false},"excerpt":{"rendered":"<p>\u00c9laborer un programme social et \u00e9cologique ambitieux, capable de r\u00e9pondre aux d\u00e9fis actuels, et constituer une liste paritaire, repr\u00e9sentative de la population dans toute sa diversit\u00e9, figurent aujourd\u2019hui parmi les t\u00e2ches les plus essentielles et les plus urgente pour \u00c9lancourt. C\u2019est dans cette perspective que nous, \u00c9lan citoyen, sommes engag\u00e9\u00b7es dans les \u00e9lections municipales de<\/p>\n","protected":false},"author":1,"featured_media":0,"parent":0,"menu_order":0,"comment_status":"closed","ping_status":"open","template":"","meta":{"footnotes":""},"class_list":["post-2","page","type-page","status-publish","hentry"],"_links":{"self":[{"href":"https:\/\/elancourtcitoyen.fr\/index.php\/wp-json\/wp\/v2\/pages\/2","targetHints":{"allow":["GET"]}}],"collection":[{"href":"https:\/\/elancourtcitoyen.fr\/index.php\/wp-json\/wp\/v2\/pages"}],"about":[{"href":"https:\/\/elancourtcitoyen.fr\/index.php\/wp-json\/wp\/v2\/types\/page"}],"author":[{"embeddable":true,"href":"https:\/\/elancourtcitoyen.fr\/index.php\/wp-json\/wp\/v2\/users\/1"}],"replies":[{"embeddable":true,"href":"https:\/\/elancourtcitoyen.fr\/index.php\/wp-json\/wp\/v2\/comments?post=2"}],"version-history":[{"count":2,"href":"https:\/\/elancourtcitoyen.fr\/index.php\/wp-json\/wp\/v2\/pages\/2\/revisions"}],"predecessor-version":[{"id":13,"href":"https:\/\/elancourtcitoyen.fr\/index.php\/wp-json\/wp\/v2\/pages\/2\/revisions\/13"}],"wp:attachment":[{"href":"https:\/\/elancourtcitoyen.fr\/index.php\/wp-json\/wp\/v2\/media?parent=2"}],"curies":[{"name":"wp","href":"https:\/\/api.w.org\/{rel}","templated":true}]}}